{"id":11966,"date":"2023-08-03T17:41:29","date_gmt":"2023-08-03T15:41:29","guid":{"rendered":"https:\/\/vitrallvic.cat\/vidres\/instal%c2%b7lacions\/"},"modified":"2024-09-03T10:53:37","modified_gmt":"2024-09-03T08:53:37","slug":"instalaciones","status":"publish","type":"page","link":"https:\/\/vitrallvic.cat\/es\/cristales\/instalaciones\/","title":{"rendered":"Instalaciones"},"content":{"rendered":"\t\t<div data-elementor-type=\"wp-page\" data-elementor-id=\"11966\" class=\"elementor elementor-11966 elementor-11734\">\n\t\t\t\t\t\t\t\t\t<section class=\"elementor-section elementor-top-section elementor-element elementor-element-98ca18d elementor-section-boxed elementor-section-height-default elementor-section-height-default\" data-id=\"98ca18d\" data-element_type=\"section\">\n\t\t\t\t\t\t<div class=\"elementor-container elementor-column-gap-default\">\n\t\t\t\t\t<div class=\"elementor-column elementor-col-100 elementor-top-column elementor-element elementor-element-23e6231\" data-id=\"23e6231\" data-element_type=\"column\">\n\t\t\t<div class=\"elementor-widget-wrap elementor-element-populated\">\n\t\t\t\t\t\t\t\t<div class=\"elementor-element elementor-element-57882098 poket-star-rating--align-center elementor-widget elementor-widget-witr_section_title\" data-id=\"57882098\" data-element_type=\"widget\" data-widget_type=\"witr_section_title.default\">\n\t\t\t\t<div class=\"elementor-widget-container\">\n\t\t\t\t\t\t\t\t<!-- title center -->\n\t\t\t\t\t<div class=\"witr_section_title\">\n\t\t\t\t\t\t<div class=\"witr_section_title_inner text-center\">\n\n\t\t\t\t\t\t\t<!-- icon position -->\n\t\t\t\t\t\t\t\t\n\t\t\t\t\t\t\t<!-- end icon position -->\n\t\t\t\t\t\t\t\n\t\t\t\t\t\t\n\t\t\t\t\t\t\t<!-- title top -->\n\t\t\t\t\t\t\t\n\n\t\t\t\t\t\t\t<!-- icon position -->\n\t\t\t\t\t\t\t\t\n\t\t\t\t\t\t\t<!-- end icon position -->\n\n\n\t\t\t\t\t\t\t\n\t\t\t\t\t\t\t<!-- title middle -->\n\t\t\t\t\t\t\t\t\t\t\t\t\t\t\t<h3><h1>Transporte, elevaci\u00f3n e instalaci\u00f3n de cristales<\/h1><\/h3>\t\t\n\t\t\t\t\t\t\t\t\t\t\t\t\t\t<!-- title bottom -->\n\t\t\t\t\t\t\t\n\t\t\t\t\t\t\t\n\t\t\t\t\t\t\t\n\t\t\t\t\t\t\t\t\t\t\t\t\t\t\n\t\t\t\t\t\t\t<!-- image -->\n\t\t\t\t\t\t\t\t\t\t\t\t\t\t<!-- icon -->\n\t\t\t\t\t\t\t\t\t\t\t\t\t\t\n\t\t\t\t\t\t\t<!-- bar -->\n\t\t\t\t\t\t\t\t\t\t\t\t\t\t<!-- circle bar -->\n\t\t\t\t\t\t\t\t\t\t\t\t\t\t\n\t\t\t\t\t\t\t\t\n\t\t\t\t\t\t\t\n\n\t\t\t\t\t\t\t\n\t\t\t\t\t\t\t<!-- content -->\n\t\t\t\t\t\t\t\t\t\t\t\t\t\t\n\t\t\t\t\t\t<\/div>\n\t\t\t\t\t\t\t<!-- inner title -->\n\t\t\t\t\t\t\t\t\t\t\t\t\t\n\t\t\t\t\t<\/div>\n\n\t\t\t\t\t\t<\/div>\n\t\t\t\t<\/div>\n\t\t\t\t<section class=\"elementor-section elementor-inner-section elementor-element elementor-element-5f1eefd elementor-section-boxed elementor-section-height-default elementor-section-height-default\" data-id=\"5f1eefd\" data-element_type=\"section\">\n\t\t\t\t\t\t<div class=\"elementor-container elementor-column-gap-default\">\n\t\t\t\t\t<div class=\"elementor-column elementor-col-100 elementor-inner-column elementor-element elementor-element-cef5672\" data-id=\"cef5672\" data-element_type=\"column\">\n\t\t\t<div class=\"elementor-widget-wrap elementor-element-populated\">\n\t\t\t\t\t\t\t\t<div class=\"elementor-element elementor-element-470235b elementor-widget elementor-widget-text-editor\" data-id=\"470235b\" data-element_type=\"widget\" data-widget_type=\"text-editor.default\">\n\t\t\t\t<div class=\"elementor-widget-container\">\n\t\t\t<style>\/*! elementor - v3.15.0 - 09-08-2023 *\/\n.elementor-widget-text-editor.elementor-drop-cap-view-stacked .elementor-drop-cap{background-color:#69727d;color:#fff}.elementor-widget-text-editor.elementor-drop-cap-view-framed .elementor-drop-cap{color:#69727d;border:3px solid;background-color:transparent}.elementor-widget-text-editor:not(.elementor-drop-cap-view-default) .elementor-drop-cap{margin-top:8px}.elementor-widget-text-editor:not(.elementor-drop-cap-view-default) .elementor-drop-cap-letter{width:1em;height:1em}.elementor-widget-text-editor .elementor-drop-cap{float:left;text-align:center;line-height:1;font-size:50px}.elementor-widget-text-editor .elementor-drop-cap-letter{display:inline-block}<\/style>\t\t\t\t<p style=\"text-align: center;\">Disponemos de transporte especializado y diferentes herramientas de sujeci\u00f3n y elevaci\u00f3n para suministro y montajes.<\/p>\t\t\t\t\t\t<\/div>\n\t\t\t\t<\/div>\n\t\t\t\t\t<\/div>\n\t\t<\/div>\n\t\t\t\t\t\t\t<\/div>\n\t\t<\/section>\n\t\t\t\t<div class=\"elementor-element elementor-element-4e5171e elementor-widget elementor-widget-image-gallery\" data-id=\"4e5171e\" data-element_type=\"widget\" data-widget_type=\"image-gallery.default\">\n\t\t\t\t<div class=\"elementor-widget-container\">\n\t\t\t<style>\/*! elementor - v3.15.0 - 09-08-2023 *\/\n.elementor-image-gallery .gallery-item{display:inline-block;text-align:center;vertical-align:top;width:100%;max-width:100%;margin:0 auto}.elementor-image-gallery .gallery-item img{margin:0 auto}.elementor-image-gallery .gallery-item .gallery-caption{margin:0}.elementor-image-gallery figure img{display:block}.elementor-image-gallery figure figcaption{width:100%}.gallery-spacing-custom .elementor-image-gallery .gallery-icon{padding:0}@media (min-width:768px){.elementor-image-gallery .gallery-columns-2 .gallery-item{max-width:50%}.elementor-image-gallery .gallery-columns-3 .gallery-item{max-width:33.33%}.elementor-image-gallery .gallery-columns-4 .gallery-item{max-width:25%}.elementor-image-gallery .gallery-columns-5 .gallery-item{max-width:20%}.elementor-image-gallery .gallery-columns-6 .gallery-item{max-width:16.666%}.elementor-image-gallery .gallery-columns-7 .gallery-item{max-width:14.28%}.elementor-image-gallery .gallery-columns-8 .gallery-item{max-width:12.5%}.elementor-image-gallery .gallery-columns-9 .gallery-item{max-width:11.11%}.elementor-image-gallery .gallery-columns-10 .gallery-item{max-width:10%}}@media (min-width:480px) and (max-width:767px){.elementor-image-gallery .gallery.gallery-columns-2 .gallery-item,.elementor-image-gallery .gallery.gallery-columns-3 .gallery-item,.elementor-image-gallery .gallery.gallery-columns-4 .gallery-item,.elementor-image-gallery .gallery.gallery-columns-5 .gallery-item,.elementor-image-gallery .gallery.gallery-columns-6 .gallery-item,.elementor-image-gallery .gallery.gallery-columns-7 .gallery-item,.elementor-image-gallery .gallery.gallery-columns-8 .gallery-item,.elementor-image-gallery .gallery.gallery-columns-9 .gallery-item,.elementor-image-gallery .gallery.gallery-columns-10 .gallery-item{max-width:50%}}@media (max-width:479px){.elementor-image-gallery .gallery.gallery-columns-2 .gallery-item,.elementor-image-gallery .gallery.gallery-columns-3 .gallery-item,.elementor-image-gallery .gallery.gallery-columns-4 .gallery-item,.elementor-image-gallery .gallery.gallery-columns-5 .gallery-item,.elementor-image-gallery .gallery.gallery-columns-6 .gallery-item,.elementor-image-gallery .gallery.gallery-columns-7 .gallery-item,.elementor-image-gallery .gallery.gallery-columns-8 .gallery-item,.elementor-image-gallery .gallery.gallery-columns-9 .gallery-item,.elementor-image-gallery .gallery.gallery-columns-10 .gallery-item{max-width:100%}}<\/style>\t\t<div class=\"elementor-image-gallery\">\n\t\t\t<div id='gallery-1' class='gallery galleryid-11966 gallery-columns-3 gallery-size-full'><figure class='gallery-item'>\n\t\t\t<div class='gallery-icon portrait'>\n\t\t\t\t<a data-elementor-open-lightbox=\"yes\" data-elementor-lightbox-slideshow=\"4e5171e\" data-elementor-lightbox-title=\"instalacions 3\" data-e-action-hash=\"#elementor-action%3Aaction%3Dlightbox%26settings%3DeyJpZCI6MTE4NzMsInVybCI6Imh0dHBzOlwvXC92aXRyYWxsdmljLmNhdFwvd3AtY29udGVudFwvdXBsb2Fkc1wvMjAyM1wvMDhcL2luc3RhbGFjaW9ucy0zLmpwZyIsInNsaWRlc2hvdyI6IjRlNTE3MWUifQ%3D%3D\" href='https:\/\/vitrallvic.cat\/wp-content\/uploads\/2023\/08\/instalacions-3.jpg'><img loading=\"lazy\" decoding=\"async\" width=\"955\" height=\"1159\" src=\"https:\/\/vitrallvic.cat\/wp-content\/uploads\/2023\/08\/instalacions-3.jpg\" class=\"attachment-full size-full\" alt=\"Manipulaci\u00f3 amb grua d&#039;estructura de vidre\" srcset=\"https:\/\/vitrallvic.cat\/wp-content\/uploads\/2023\/08\/instalacions-3.jpg 955w, https:\/\/vitrallvic.cat\/wp-content\/uploads\/2023\/08\/instalacions-3-247x300.jpg 247w, https:\/\/vitrallvic.cat\/wp-content\/uploads\/2023\/08\/instalacions-3-844x1024.jpg 844w, https:\/\/vitrallvic.cat\/wp-content\/uploads\/2023\/08\/instalacions-3-768x932.jpg 768w, https:\/\/vitrallvic.cat\/wp-content\/uploads\/2023\/08\/instalacions-3-370x450.jpg 370w\" sizes=\"auto, (max-width: 955px) 100vw, 955px\" \/><\/a>\n\t\t\t<\/div><\/figure><figure class='gallery-item'>\n\t\t\t<div class='gallery-icon landscape'>\n\t\t\t\t<a data-elementor-open-lightbox=\"yes\" data-elementor-lightbox-slideshow=\"4e5171e\" data-elementor-lightbox-title=\"instalacions 2\" data-e-action-hash=\"#elementor-action%3Aaction%3Dlightbox%26settings%3DeyJpZCI6MTE4NzIsInVybCI6Imh0dHBzOlwvXC92aXRyYWxsdmljLmNhdFwvd3AtY29udGVudFwvdXBsb2Fkc1wvMjAyM1wvMDhcL2luc3RhbGFjaW9ucy0yLmpwZyIsInNsaWRlc2hvdyI6IjRlNTE3MWUifQ%3D%3D\" href='https:\/\/vitrallvic.cat\/wp-content\/uploads\/2023\/08\/instalacions-2.jpg'><img loading=\"lazy\" decoding=\"async\" width=\"969\" height=\"720\" src=\"https:\/\/vitrallvic.cat\/wp-content\/uploads\/2023\/08\/instalacions-2.jpg\" class=\"attachment-full size-full\" alt=\"Muntatge de vidre\" srcset=\"https:\/\/vitrallvic.cat\/wp-content\/uploads\/2023\/08\/instalacions-2.jpg 969w, https:\/\/vitrallvic.cat\/wp-content\/uploads\/2023\/08\/instalacions-2-300x223.jpg 300w, https:\/\/vitrallvic.cat\/wp-content\/uploads\/2023\/08\/instalacions-2-768x571.jpg 768w\" sizes=\"auto, (max-width: 969px) 100vw, 969px\" \/><\/a>\n\t\t\t<\/div><\/figure><figure class='gallery-item'>\n\t\t\t<div class='gallery-icon landscape'>\n\t\t\t\t<a data-elementor-open-lightbox=\"yes\" data-elementor-lightbox-slideshow=\"4e5171e\" data-elementor-lightbox-title=\"instal.lacions 1\" data-e-action-hash=\"#elementor-action%3Aaction%3Dlightbox%26settings%3DeyJpZCI6MTE4NzEsInVybCI6Imh0dHBzOlwvXC92aXRyYWxsdmljLmNhdFwvd3AtY29udGVudFwvdXBsb2Fkc1wvMjAyM1wvMDhcL2luc3RhbC5sYWNpb25zLTEuanBnIiwic2xpZGVzaG93IjoiNGU1MTcxZSJ9\" href='https:\/\/vitrallvic.cat\/wp-content\/uploads\/2023\/08\/instal.lacions-1.jpg'><img loading=\"lazy\" decoding=\"async\" width=\"900\" height=\"558\" src=\"https:\/\/vitrallvic.cat\/wp-content\/uploads\/2023\/08\/instal.lacions-1.jpg\" class=\"attachment-full size-full\" alt=\"Muntatge de vidre a fa\u00e7ana\" srcset=\"https:\/\/vitrallvic.cat\/wp-content\/uploads\/2023\/08\/instal.lacions-1.jpg 900w, https:\/\/vitrallvic.cat\/wp-content\/uploads\/2023\/08\/instal.lacions-1-300x186.jpg 300w, https:\/\/vitrallvic.cat\/wp-content\/uploads\/2023\/08\/instal.lacions-1-768x476.jpg 768w\" sizes=\"auto, (max-width: 900px) 100vw, 900px\" \/><\/a>\n\t\t\t<\/div><\/figure>\n\t\t<\/div>\n\t\t<\/div>\n\t\t\t\t<\/div>\n\t\t\t\t<\/div>\n\t\t\t\t\t<\/div>\n\t\t<\/div>\n\t\t\t\t\t\t\t<\/div>\n\t\t<\/section>\n\t\t\t\t<section class=\"elementor-section elementor-top-section elementor-element elementor-element-2ed8aab6 elementor-section-boxed elementor-section-height-default elementor-section-height-default\" data-id=\"2ed8aab6\" data-element_type=\"section\">\n\t\t\t\t\t\t<div class=\"elementor-container elementor-column-gap-default\">\n\t\t\t\t\t<div class=\"elementor-column elementor-col-100 elementor-top-column elementor-element elementor-element-610ea8ee\" data-id=\"610ea8ee\" data-element_type=\"column\">\n\t\t\t<div class=\"elementor-widget-wrap\">\n\t\t\t\t\t\t\t\t\t<\/div>\n\t\t<\/div>\n\t\t\t\t\t\t\t<\/div>\n\t\t<\/section>\n\t\t\t\t\t\t\t<\/div>\n\t\t","protected":false},"excerpt":{"rendered":"<p>Transporte, elevaci\u00f3n e instalaci\u00f3n de cristales Disponemos de transporte especializado y diferentes herramientas de sujeci\u00f3n y elevaci\u00f3n para suministro y montajes.<\/p>\n","protected":false},"author":2,"featured_media":0,"parent":11955,"menu_order":0,"comment_status":"closed","ping_status":"closed","template":"","meta":{"footnotes":""},"class_list":["post-11966","page","type-page","status-publish","hentry"],"yoast_head":"<!-- This site is optimized with the Yoast SEO plugin v20.13 - https:\/\/yoast.com\/wordpress\/plugins\/seo\/ -->\n<title>Expertos en transporte y montaje de cristales en fachadas<\/title>\n<meta name=\"description\" content=\"Disponemos de herramientas de transporte, elevaci\u00f3n y montaje de cristales para fachadas e interiores\" \/>\n<meta name=\"robots\" content=\"index, follow, max-snippet:-1, max-image-preview:large, max-video-preview:-1\" \/>\n<link rel=\"canonical\" href=\"https:\/\/vitrallvic.cat\/es\/cristales\/instalaciones\/\" \/>\n<meta property=\"og:locale\" content=\"es_ES\" \/>\n<meta property=\"og:type\" content=\"article\" \/>\n<meta property=\"og:title\" content=\"Expertos en transporte y montaje de cristales en fachadas\" \/>\n<meta property=\"og:description\" content=\"Disponemos de herramientas de transporte, elevaci\u00f3n y montaje de cristales para fachadas e interiores\" \/>\n<meta property=\"og:url\" content=\"https:\/\/vitrallvic.cat\/es\/cristales\/instalaciones\/\" \/>\n<meta property=\"og:site_name\" content=\"Vitrall Vic SL\" \/>\n<meta property=\"article:modified_time\" content=\"2024-09-03T08:53:37+00:00\" \/>\n<meta property=\"og:image\" content=\"https:\/\/vitrallvic.cat\/wp-content\/uploads\/2023\/08\/instalacions-3.jpg\" \/>\n<meta name=\"twitter:card\" content=\"summary_large_image\" \/>\n<meta name=\"twitter:label1\" content=\"Tiempo de lectura\" \/>\n\t<meta name=\"twitter:data1\" content=\"1 minuto\" \/>\n<script type=\"application\/ld+json\" class=\"yoast-schema-graph\">{\"@context\":\"https:\/\/schema.org\",\"@graph\":[{\"@type\":\"WebPage\",\"@id\":\"https:\/\/vitrallvic.cat\/es\/cristales\/instalaciones\/\",\"url\":\"https:\/\/vitrallvic.cat\/es\/cristales\/instalaciones\/\",\"name\":\"Expertos en transporte y montaje de cristales en fachadas\",\"isPartOf\":{\"@id\":\"https:\/\/vitrallvic.cat\/#website\"},\"datePublished\":\"2023-08-03T15:41:29+00:00\",\"dateModified\":\"2024-09-03T08:53:37+00:00\",\"description\":\"Disponemos de herramientas de transporte, elevaci\u00f3n y montaje de cristales para fachadas e interiores\",\"breadcrumb\":{\"@id\":\"https:\/\/vitrallvic.cat\/es\/cristales\/instalaciones\/#breadcrumb\"},\"inLanguage\":\"es\",\"potentialAction\":[{\"@type\":\"ReadAction\",\"target\":[\"https:\/\/vitrallvic.cat\/es\/cristales\/instalaciones\/\"]}]},{\"@type\":\"BreadcrumbList\",\"@id\":\"https:\/\/vitrallvic.cat\/es\/cristales\/instalaciones\/#breadcrumb\",\"itemListElement\":[{\"@type\":\"ListItem\",\"position\":1,\"name\":\"Portada\",\"item\":\"https:\/\/vitrallvic.cat\/es\/\"},{\"@type\":\"ListItem\",\"position\":2,\"name\":\"Cristales\",\"item\":\"https:\/\/vitrallvic.cat\/es\/cristales\/\"},{\"@type\":\"ListItem\",\"position\":3,\"name\":\"Instalaciones\"}]},{\"@type\":\"WebSite\",\"@id\":\"https:\/\/vitrallvic.cat\/#website\",\"url\":\"https:\/\/vitrallvic.cat\/\",\"name\":\"Vitrall Vic SL\",\"description\":\"\",\"potentialAction\":[{\"@type\":\"SearchAction\",\"target\":{\"@type\":\"EntryPoint\",\"urlTemplate\":\"https:\/\/vitrallvic.cat\/?s={search_term_string}\"},\"query-input\":\"required name=search_term_string\"}],\"inLanguage\":\"es\"}]}<\/script>\n<!-- \/ Yoast SEO plugin. -->","yoast_head_json":{"title":"Expertos en transporte y montaje de cristales en fachadas","description":"Disponemos de herramientas de transporte, elevaci\u00f3n y montaje de cristales para fachadas e interiores","robots":{"index":"index","follow":"follow","max-snippet":"max-snippet:-1","max-image-preview":"max-image-preview:large","max-video-preview":"max-video-preview:-1"},"canonical":"https:\/\/vitrallvic.cat\/es\/cristales\/instalaciones\/","og_locale":"es_ES","og_type":"article","og_title":"Expertos en transporte y montaje de cristales en fachadas","og_description":"Disponemos de herramientas de transporte, elevaci\u00f3n y montaje de cristales para fachadas e interiores","og_url":"https:\/\/vitrallvic.cat\/es\/cristales\/instalaciones\/","og_site_name":"Vitrall Vic SL","article_modified_time":"2024-09-03T08:53:37+00:00","og_image":[{"url":"https:\/\/vitrallvic.cat\/wp-content\/uploads\/2023\/08\/instalacions-3.jpg"}],"twitter_card":"summary_large_image","twitter_misc":{"Tiempo de lectura":"1 minuto"},"schema":{"@context":"https:\/\/schema.org","@graph":[{"@type":"WebPage","@id":"https:\/\/vitrallvic.cat\/es\/cristales\/instalaciones\/","url":"https:\/\/vitrallvic.cat\/es\/cristales\/instalaciones\/","name":"Expertos en transporte y montaje de cristales en fachadas","isPartOf":{"@id":"https:\/\/vitrallvic.cat\/#website"},"datePublished":"2023-08-03T15:41:29+00:00","dateModified":"2024-09-03T08:53:37+00:00","description":"Disponemos de herramientas de transporte, elevaci\u00f3n y montaje de cristales para fachadas e interiores","breadcrumb":{"@id":"https:\/\/vitrallvic.cat\/es\/cristales\/instalaciones\/#breadcrumb"},"inLanguage":"es","potentialAction":[{"@type":"ReadAction","target":["https:\/\/vitrallvic.cat\/es\/cristales\/instalaciones\/"]}]},{"@type":"BreadcrumbList","@id":"https:\/\/vitrallvic.cat\/es\/cristales\/instalaciones\/#breadcrumb","itemListElement":[{"@type":"ListItem","position":1,"name":"Portada","item":"https:\/\/vitrallvic.cat\/es\/"},{"@type":"ListItem","position":2,"name":"Cristales","item":"https:\/\/vitrallvic.cat\/es\/cristales\/"},{"@type":"ListItem","position":3,"name":"Instalaciones"}]},{"@type":"WebSite","@id":"https:\/\/vitrallvic.cat\/#website","url":"https:\/\/vitrallvic.cat\/","name":"Vitrall Vic SL","description":"","potentialAction":[{"@type":"SearchAction","target":{"@type":"EntryPoint","urlTemplate":"https:\/\/vitrallvic.cat\/?s={search_term_string}"},"query-input":"required name=search_term_string"}],"inLanguage":"es"}]}},"_links":{"self":[{"href":"https:\/\/vitrallvic.cat\/es\/wp-json\/wp\/v2\/pages\/11966","targetHints":{"allow":["GET"]}}],"collection":[{"href":"https:\/\/vitrallvic.cat\/es\/wp-json\/wp\/v2\/pages"}],"about":[{"href":"https:\/\/vitrallvic.cat\/es\/wp-json\/wp\/v2\/types\/page"}],"author":[{"embeddable":true,"href":"https:\/\/vitrallvic.cat\/es\/wp-json\/wp\/v2\/users\/2"}],"replies":[{"embeddable":true,"href":"https:\/\/vitrallvic.cat\/es\/wp-json\/wp\/v2\/comments?post=11966"}],"version-history":[{"count":10,"href":"https:\/\/vitrallvic.cat\/es\/wp-json\/wp\/v2\/pages\/11966\/revisions"}],"predecessor-version":[{"id":12354,"href":"https:\/\/vitrallvic.cat\/es\/wp-json\/wp\/v2\/pages\/11966\/revisions\/12354"}],"up":[{"embeddable":true,"href":"https:\/\/vitrallvic.cat\/es\/wp-json\/wp\/v2\/pages\/11955"}],"wp:attachment":[{"href":"https:\/\/vitrallvic.cat\/es\/wp-json\/wp\/v2\/media?parent=11966"}],"curies":[{"name":"wp","href":"https:\/\/api.w.org\/{rel}","templated":true}]}}