{"id":11962,"date":"2023-08-03T17:39:50","date_gmt":"2023-08-03T15:39:50","guid":{"rendered":"https:\/\/vitrallvic.cat\/vidres\/manufactures\/"},"modified":"2024-09-03T10:54:50","modified_gmt":"2024-09-03T08:54:50","slug":"manufacturas","status":"publish","type":"page","link":"https:\/\/vitrallvic.cat\/es\/cristales\/manufacturas\/","title":{"rendered":"Manufacturas"},"content":{"rendered":"\t\t<div data-elementor-type=\"wp-page\" data-elementor-id=\"11962\" class=\"elementor elementor-11962 elementor-11726\">\n\t\t\t\t\t\t\t\t\t<section class=\"elementor-section elementor-top-section elementor-element elementor-element-479a511 elementor-section-boxed elementor-section-height-default elementor-section-height-default\" data-id=\"479a511\" data-element_type=\"section\">\n\t\t\t\t\t\t<div class=\"elementor-container elementor-column-gap-default\">\n\t\t\t\t\t<div class=\"elementor-column elementor-col-100 elementor-top-column elementor-element elementor-element-c2ba4f6\" data-id=\"c2ba4f6\" data-element_type=\"column\">\n\t\t\t<div class=\"elementor-widget-wrap elementor-element-populated\">\n\t\t\t\t\t\t\t\t<div class=\"elementor-element elementor-element-10dab449 poket-star-rating--align-center elementor-widget elementor-widget-witr_section_title\" data-id=\"10dab449\" data-element_type=\"widget\" data-widget_type=\"witr_section_title.default\">\n\t\t\t\t<div class=\"elementor-widget-container\">\n\t\t\t\t\t\t\t\t<!-- title center -->\n\t\t\t\t\t<div class=\"witr_section_title\">\n\t\t\t\t\t\t<div class=\"witr_section_title_inner text-center\">\n\n\t\t\t\t\t\t\t<!-- icon position -->\n\t\t\t\t\t\t\t\t\n\t\t\t\t\t\t\t<!-- end icon position -->\n\t\t\t\t\t\t\t\n\t\t\t\t\t\t\n\t\t\t\t\t\t\t<!-- title top -->\n\t\t\t\t\t\t\t\n\n\t\t\t\t\t\t\t<!-- icon position -->\n\t\t\t\t\t\t\t\t\n\t\t\t\t\t\t\t<!-- end icon position -->\n\n\n\t\t\t\t\t\t\t\n\t\t\t\t\t\t\t<!-- title middle -->\n\t\t\t\t\t\t\t\t\t\t\t\t\t\t\t<h3><h1>Manufactura del cristal<\/h1><\/h3>\t\t\n\t\t\t\t\t\t\t\t\t\t\t\t\t\t<!-- title bottom -->\n\t\t\t\t\t\t\t\n\t\t\t\t\t\t\t\n\t\t\t\t\t\t\t\n\t\t\t\t\t\t\t\t\t\t\t\t\t\t\n\t\t\t\t\t\t\t<!-- image -->\n\t\t\t\t\t\t\t\t\t\t\t\t\t\t<!-- icon -->\n\t\t\t\t\t\t\t\t\t\t\t\t\t\t\n\t\t\t\t\t\t\t<!-- bar -->\n\t\t\t\t\t\t\t\t\t\t\t\t\t\t<!-- circle bar -->\n\t\t\t\t\t\t\t\t\t\t\t\t\t\t\n\t\t\t\t\t\t\t\t\n\t\t\t\t\t\t\t\n\n\t\t\t\t\t\t\t\n\t\t\t\t\t\t\t<!-- content -->\n\t\t\t\t\t\t\t\t\t\t\t\t\t\t\n\t\t\t\t\t\t<\/div>\n\t\t\t\t\t\t\t<!-- inner title -->\n\t\t\t\t\t\t\t\t\t\t\t\t\t\n\t\t\t\t\t<\/div>\n\n\t\t\t\t\t\t<\/div>\n\t\t\t\t<\/div>\n\t\t\t\t<section class=\"elementor-section elementor-inner-section elementor-element elementor-element-8d1aafa elementor-section-boxed elementor-section-height-default elementor-section-height-default\" data-id=\"8d1aafa\" data-element_type=\"section\">\n\t\t\t\t\t\t<div class=\"elementor-container elementor-column-gap-default\">\n\t\t\t\t\t<div class=\"elementor-column elementor-col-100 elementor-inner-column elementor-element elementor-element-1867201\" data-id=\"1867201\" data-element_type=\"column\">\n\t\t\t<div class=\"elementor-widget-wrap elementor-element-populated\">\n\t\t\t\t\t\t\t\t<div class=\"elementor-element elementor-element-9164cc0 elementor-widget elementor-widget-text-editor\" data-id=\"9164cc0\" data-element_type=\"widget\" data-widget_type=\"text-editor.default\">\n\t\t\t\t<div class=\"elementor-widget-container\">\n\t\t\t<style>\/*! elementor - v3.15.0 - 09-08-2023 *\/\n.elementor-widget-text-editor.elementor-drop-cap-view-stacked .elementor-drop-cap{background-color:#69727d;color:#fff}.elementor-widget-text-editor.elementor-drop-cap-view-framed .elementor-drop-cap{color:#69727d;border:3px solid;background-color:transparent}.elementor-widget-text-editor:not(.elementor-drop-cap-view-default) .elementor-drop-cap{margin-top:8px}.elementor-widget-text-editor:not(.elementor-drop-cap-view-default) .elementor-drop-cap-letter{width:1em;height:1em}.elementor-widget-text-editor .elementor-drop-cap{float:left;text-align:center;line-height:1;font-size:50px}.elementor-widget-text-editor .elementor-drop-cap-letter{display:inline-block}<\/style>\t\t\t\t<p style=\"text-align: center;\">Ofrecemos todo tipo de maquinaria para poder manipular, transformar y mecanizar.<\/p>\t\t\t\t\t\t<\/div>\n\t\t\t\t<\/div>\n\t\t\t\t\t<\/div>\n\t\t<\/div>\n\t\t\t\t\t\t\t<\/div>\n\t\t<\/section>\n\t\t\t\t<div class=\"elementor-element elementor-element-d4651e7 elementor-widget elementor-widget-image-gallery\" data-id=\"d4651e7\" data-element_type=\"widget\" data-widget_type=\"image-gallery.default\">\n\t\t\t\t<div class=\"elementor-widget-container\">\n\t\t\t<style>\/*! elementor - v3.15.0 - 09-08-2023 *\/\n.elementor-image-gallery .gallery-item{display:inline-block;text-align:center;vertical-align:top;width:100%;max-width:100%;margin:0 auto}.elementor-image-gallery .gallery-item img{margin:0 auto}.elementor-image-gallery .gallery-item .gallery-caption{margin:0}.elementor-image-gallery figure img{display:block}.elementor-image-gallery figure figcaption{width:100%}.gallery-spacing-custom .elementor-image-gallery .gallery-icon{padding:0}@media (min-width:768px){.elementor-image-gallery .gallery-columns-2 .gallery-item{max-width:50%}.elementor-image-gallery .gallery-columns-3 .gallery-item{max-width:33.33%}.elementor-image-gallery .gallery-columns-4 .gallery-item{max-width:25%}.elementor-image-gallery .gallery-columns-5 .gallery-item{max-width:20%}.elementor-image-gallery .gallery-columns-6 .gallery-item{max-width:16.666%}.elementor-image-gallery .gallery-columns-7 .gallery-item{max-width:14.28%}.elementor-image-gallery .gallery-columns-8 .gallery-item{max-width:12.5%}.elementor-image-gallery .gallery-columns-9 .gallery-item{max-width:11.11%}.elementor-image-gallery .gallery-columns-10 .gallery-item{max-width:10%}}@media (min-width:480px) and (max-width:767px){.elementor-image-gallery .gallery.gallery-columns-2 .gallery-item,.elementor-image-gallery .gallery.gallery-columns-3 .gallery-item,.elementor-image-gallery .gallery.gallery-columns-4 .gallery-item,.elementor-image-gallery .gallery.gallery-columns-5 .gallery-item,.elementor-image-gallery .gallery.gallery-columns-6 .gallery-item,.elementor-image-gallery .gallery.gallery-columns-7 .gallery-item,.elementor-image-gallery .gallery.gallery-columns-8 .gallery-item,.elementor-image-gallery .gallery.gallery-columns-9 .gallery-item,.elementor-image-gallery .gallery.gallery-columns-10 .gallery-item{max-width:50%}}@media (max-width:479px){.elementor-image-gallery .gallery.gallery-columns-2 .gallery-item,.elementor-image-gallery .gallery.gallery-columns-3 .gallery-item,.elementor-image-gallery .gallery.gallery-columns-4 .gallery-item,.elementor-image-gallery .gallery.gallery-columns-5 .gallery-item,.elementor-image-gallery .gallery.gallery-columns-6 .gallery-item,.elementor-image-gallery .gallery.gallery-columns-7 .gallery-item,.elementor-image-gallery .gallery.gallery-columns-8 .gallery-item,.elementor-image-gallery .gallery.gallery-columns-9 .gallery-item,.elementor-image-gallery .gallery.gallery-columns-10 .gallery-item{max-width:100%}}<\/style>\t\t<div class=\"elementor-image-gallery\">\n\t\t\t<div id='gallery-1' class='gallery galleryid-11962 gallery-columns-3 gallery-size-full'><figure class='gallery-item'>\n\t\t\t<div class='gallery-icon landscape'>\n\t\t\t\t<a data-elementor-open-lightbox=\"yes\" data-elementor-lightbox-slideshow=\"d4651e7\" data-elementor-lightbox-title=\"manofactures-2\" data-e-action-hash=\"#elementor-action%3Aaction%3Dlightbox%26settings%3DeyJpZCI6MTE4NjksInVybCI6Imh0dHBzOlwvXC92aXRyYWxsdmljLmNhdFwvd3AtY29udGVudFwvdXBsb2Fkc1wvMjAyM1wvMDhcL21hbm9mYWN0dXJlcy0yLmpwZyIsInNsaWRlc2hvdyI6ImQ0NjUxZTcifQ%3D%3D\" href='https:\/\/vitrallvic.cat\/wp-content\/uploads\/2023\/08\/manofactures-2.jpg'><img loading=\"lazy\" decoding=\"async\" width=\"1920\" height=\"1593\" src=\"https:\/\/vitrallvic.cat\/wp-content\/uploads\/2023\/08\/manofactures-2.jpg\" class=\"attachment-full size-full\" alt=\"Maquin\u00e0ria de manipulaci\u00f3 de vidre\" srcset=\"https:\/\/vitrallvic.cat\/wp-content\/uploads\/2023\/08\/manofactures-2.jpg 1920w, https:\/\/vitrallvic.cat\/wp-content\/uploads\/2023\/08\/manofactures-2-300x249.jpg 300w, https:\/\/vitrallvic.cat\/wp-content\/uploads\/2023\/08\/manofactures-2-1024x850.jpg 1024w, https:\/\/vitrallvic.cat\/wp-content\/uploads\/2023\/08\/manofactures-2-768x637.jpg 768w, https:\/\/vitrallvic.cat\/wp-content\/uploads\/2023\/08\/manofactures-2-1536x1274.jpg 1536w\" sizes=\"auto, (max-width: 1920px) 100vw, 1920px\" \/><\/a>\n\t\t\t<\/div><\/figure><figure class='gallery-item'>\n\t\t\t<div class='gallery-icon landscape'>\n\t\t\t\t<a data-elementor-open-lightbox=\"yes\" data-elementor-lightbox-slideshow=\"d4651e7\" data-elementor-lightbox-title=\"manofactures 3\" data-e-action-hash=\"#elementor-action%3Aaction%3Dlightbox%26settings%3DeyJpZCI6MTE4NjgsInVybCI6Imh0dHBzOlwvXC92aXRyYWxsdmljLmNhdFwvd3AtY29udGVudFwvdXBsb2Fkc1wvMjAyM1wvMDhcL21hbm9mYWN0dXJlcy0zLmpwZyIsInNsaWRlc2hvdyI6ImQ0NjUxZTcifQ%3D%3D\" href='https:\/\/vitrallvic.cat\/wp-content\/uploads\/2023\/08\/manofactures-3.jpg'><img loading=\"lazy\" decoding=\"async\" width=\"800\" height=\"400\" src=\"https:\/\/vitrallvic.cat\/wp-content\/uploads\/2023\/08\/manofactures-3.jpg\" class=\"attachment-full size-full\" alt=\"Tall de mirall manual\" srcset=\"https:\/\/vitrallvic.cat\/wp-content\/uploads\/2023\/08\/manofactures-3.jpg 800w, https:\/\/vitrallvic.cat\/wp-content\/uploads\/2023\/08\/manofactures-3-300x150.jpg 300w, https:\/\/vitrallvic.cat\/wp-content\/uploads\/2023\/08\/manofactures-3-768x384.jpg 768w\" sizes=\"auto, (max-width: 800px) 100vw, 800px\" \/><\/a>\n\t\t\t<\/div><\/figure><figure class='gallery-item'>\n\t\t\t<div class='gallery-icon landscape'>\n\t\t\t\t<a data-elementor-open-lightbox=\"yes\" data-elementor-lightbox-slideshow=\"d4651e7\" data-elementor-lightbox-title=\"manofactures 1\" data-e-action-hash=\"#elementor-action%3Aaction%3Dlightbox%26settings%3DeyJpZCI6MTE4NzAsInVybCI6Imh0dHBzOlwvXC92aXRyYWxsdmljLmNhdFwvd3AtY29udGVudFwvdXBsb2Fkc1wvMjAyM1wvMDhcL21hbm9mYWN0dXJlcy0xLndlYnAiLCJzbGlkZXNob3ciOiJkNDY1MWU3In0%3D\" href='https:\/\/vitrallvic.cat\/wp-content\/uploads\/2023\/08\/manofactures-1.webp'><img loading=\"lazy\" decoding=\"async\" width=\"2048\" height=\"1365\" src=\"https:\/\/vitrallvic.cat\/wp-content\/uploads\/2023\/08\/manofactures-1.webp\" class=\"attachment-full size-full\" alt=\"Muntatge de mobiliari de vidre\" srcset=\"https:\/\/vitrallvic.cat\/wp-content\/uploads\/2023\/08\/manofactures-1.webp 2048w, https:\/\/vitrallvic.cat\/wp-content\/uploads\/2023\/08\/manofactures-1-300x200.webp 300w, https:\/\/vitrallvic.cat\/wp-content\/uploads\/2023\/08\/manofactures-1-1024x683.webp 1024w, https:\/\/vitrallvic.cat\/wp-content\/uploads\/2023\/08\/manofactures-1-768x512.webp 768w, https:\/\/vitrallvic.cat\/wp-content\/uploads\/2023\/08\/manofactures-1-1536x1024.webp 1536w\" sizes=\"auto, (max-width: 2048px) 100vw, 2048px\" \/><\/a>\n\t\t\t<\/div><\/figure>\n\t\t<\/div>\n\t\t<\/div>\n\t\t\t\t<\/div>\n\t\t\t\t<\/div>\n\t\t\t\t\t<\/div>\n\t\t<\/div>\n\t\t\t\t\t\t\t<\/div>\n\t\t<\/section>\n\t\t\t\t<section class=\"elementor-section elementor-top-section elementor-element elementor-element-4c4c75ab elementor-section-boxed elementor-section-height-default elementor-section-height-default\" data-id=\"4c4c75ab\" data-element_type=\"section\">\n\t\t\t\t\t\t<div class=\"elementor-container elementor-column-gap-default\">\n\t\t\t\t\t<div class=\"elementor-column elementor-col-100 elementor-top-column elementor-element elementor-element-50d65214\" data-id=\"50d65214\" data-element_type=\"column\">\n\t\t\t<div class=\"elementor-widget-wrap\">\n\t\t\t\t\t\t\t\t\t<\/div>\n\t\t<\/div>\n\t\t\t\t\t\t\t<\/div>\n\t\t<\/section>\n\t\t\t\t\t\t\t<\/div>\n\t\t","protected":false},"excerpt":{"rendered":"<p>Manufactura del cristal Ofrecemos todo tipo de maquinaria para poder manipular, transformar y mecanizar.<\/p>\n","protected":false},"author":2,"featured_media":0,"parent":11955,"menu_order":0,"comment_status":"closed","ping_status":"closed","template":"","meta":{"footnotes":""},"class_list":["post-11962","page","type-page","status-publish","hentry"],"yoast_head":"<!-- This site is optimized with the Yoast SEO plugin v20.13 - https:\/\/yoast.com\/wordpress\/plugins\/seo\/ -->\n<title>Especializados en maquinaria para manipulaci\u00f3n de vidrio<\/title>\n<meta name=\"description\" content=\"En Vitrall Vic disponemos de maquinaria para la manipulaci\u00f3n, transformaci\u00f3n y mecanizaci\u00f3n de vidrio\" \/>\n<meta name=\"robots\" content=\"index, follow, max-snippet:-1, max-image-preview:large, max-video-preview:-1\" \/>\n<link rel=\"canonical\" href=\"https:\/\/vitrallvic.cat\/es\/cristales\/manufacturas\/\" \/>\n<meta property=\"og:locale\" content=\"es_ES\" \/>\n<meta property=\"og:type\" content=\"article\" \/>\n<meta property=\"og:title\" content=\"Especializados en maquinaria para manipulaci\u00f3n de vidrio\" \/>\n<meta property=\"og:description\" content=\"En Vitrall Vic disponemos de maquinaria para la manipulaci\u00f3n, transformaci\u00f3n y mecanizaci\u00f3n de vidrio\" \/>\n<meta property=\"og:url\" content=\"https:\/\/vitrallvic.cat\/es\/cristales\/manufacturas\/\" \/>\n<meta property=\"og:site_name\" content=\"Vitrall Vic SL\" \/>\n<meta property=\"article:modified_time\" content=\"2024-09-03T08:54:50+00:00\" \/>\n<meta property=\"og:image\" content=\"https:\/\/vitrallvic.cat\/wp-content\/uploads\/2023\/08\/manofactures-3.jpg\" \/>\n<meta name=\"twitter:card\" content=\"summary_large_image\" \/>\n<meta name=\"twitter:label1\" content=\"Tiempo de lectura\" \/>\n\t<meta name=\"twitter:data1\" content=\"1 minuto\" \/>\n<script type=\"application\/ld+json\" class=\"yoast-schema-graph\">{\"@context\":\"https:\/\/schema.org\",\"@graph\":[{\"@type\":\"WebPage\",\"@id\":\"https:\/\/vitrallvic.cat\/es\/cristales\/manufacturas\/\",\"url\":\"https:\/\/vitrallvic.cat\/es\/cristales\/manufacturas\/\",\"name\":\"Especializados en maquinaria para manipulaci\u00f3n de vidrio\",\"isPartOf\":{\"@id\":\"https:\/\/vitrallvic.cat\/#website\"},\"datePublished\":\"2023-08-03T15:39:50+00:00\",\"dateModified\":\"2024-09-03T08:54:50+00:00\",\"description\":\"En Vitrall Vic disponemos de maquinaria para la manipulaci\u00f3n, transformaci\u00f3n y mecanizaci\u00f3n de vidrio\",\"breadcrumb\":{\"@id\":\"https:\/\/vitrallvic.cat\/es\/cristales\/manufacturas\/#breadcrumb\"},\"inLanguage\":\"es\",\"potentialAction\":[{\"@type\":\"ReadAction\",\"target\":[\"https:\/\/vitrallvic.cat\/es\/cristales\/manufacturas\/\"]}]},{\"@type\":\"BreadcrumbList\",\"@id\":\"https:\/\/vitrallvic.cat\/es\/cristales\/manufacturas\/#breadcrumb\",\"itemListElement\":[{\"@type\":\"ListItem\",\"position\":1,\"name\":\"Portada\",\"item\":\"https:\/\/vitrallvic.cat\/es\/\"},{\"@type\":\"ListItem\",\"position\":2,\"name\":\"Cristales\",\"item\":\"https:\/\/vitrallvic.cat\/es\/cristales\/\"},{\"@type\":\"ListItem\",\"position\":3,\"name\":\"Manufacturas\"}]},{\"@type\":\"WebSite\",\"@id\":\"https:\/\/vitrallvic.cat\/#website\",\"url\":\"https:\/\/vitrallvic.cat\/\",\"name\":\"Vitrall Vic SL\",\"description\":\"\",\"potentialAction\":[{\"@type\":\"SearchAction\",\"target\":{\"@type\":\"EntryPoint\",\"urlTemplate\":\"https:\/\/vitrallvic.cat\/?s={search_term_string}\"},\"query-input\":\"required name=search_term_string\"}],\"inLanguage\":\"es\"}]}<\/script>\n<!-- \/ Yoast SEO plugin. -->","yoast_head_json":{"title":"Especializados en maquinaria para manipulaci\u00f3n de vidrio","description":"En Vitrall Vic disponemos de maquinaria para la manipulaci\u00f3n, transformaci\u00f3n y mecanizaci\u00f3n de vidrio","robots":{"index":"index","follow":"follow","max-snippet":"max-snippet:-1","max-image-preview":"max-image-preview:large","max-video-preview":"max-video-preview:-1"},"canonical":"https:\/\/vitrallvic.cat\/es\/cristales\/manufacturas\/","og_locale":"es_ES","og_type":"article","og_title":"Especializados en maquinaria para manipulaci\u00f3n de vidrio","og_description":"En Vitrall Vic disponemos de maquinaria para la manipulaci\u00f3n, transformaci\u00f3n y mecanizaci\u00f3n de vidrio","og_url":"https:\/\/vitrallvic.cat\/es\/cristales\/manufacturas\/","og_site_name":"Vitrall Vic SL","article_modified_time":"2024-09-03T08:54:50+00:00","og_image":[{"url":"https:\/\/vitrallvic.cat\/wp-content\/uploads\/2023\/08\/manofactures-3.jpg"}],"twitter_card":"summary_large_image","twitter_misc":{"Tiempo de lectura":"1 minuto"},"schema":{"@context":"https:\/\/schema.org","@graph":[{"@type":"WebPage","@id":"https:\/\/vitrallvic.cat\/es\/cristales\/manufacturas\/","url":"https:\/\/vitrallvic.cat\/es\/cristales\/manufacturas\/","name":"Especializados en maquinaria para manipulaci\u00f3n de vidrio","isPartOf":{"@id":"https:\/\/vitrallvic.cat\/#website"},"datePublished":"2023-08-03T15:39:50+00:00","dateModified":"2024-09-03T08:54:50+00:00","description":"En Vitrall Vic disponemos de maquinaria para la manipulaci\u00f3n, transformaci\u00f3n y mecanizaci\u00f3n de vidrio","breadcrumb":{"@id":"https:\/\/vitrallvic.cat\/es\/cristales\/manufacturas\/#breadcrumb"},"inLanguage":"es","potentialAction":[{"@type":"ReadAction","target":["https:\/\/vitrallvic.cat\/es\/cristales\/manufacturas\/"]}]},{"@type":"BreadcrumbList","@id":"https:\/\/vitrallvic.cat\/es\/cristales\/manufacturas\/#breadcrumb","itemListElement":[{"@type":"ListItem","position":1,"name":"Portada","item":"https:\/\/vitrallvic.cat\/es\/"},{"@type":"ListItem","position":2,"name":"Cristales","item":"https:\/\/vitrallvic.cat\/es\/cristales\/"},{"@type":"ListItem","position":3,"name":"Manufacturas"}]},{"@type":"WebSite","@id":"https:\/\/vitrallvic.cat\/#website","url":"https:\/\/vitrallvic.cat\/","name":"Vitrall Vic SL","description":"","potentialAction":[{"@type":"SearchAction","target":{"@type":"EntryPoint","urlTemplate":"https:\/\/vitrallvic.cat\/?s={search_term_string}"},"query-input":"required name=search_term_string"}],"inLanguage":"es"}]}},"_links":{"self":[{"href":"https:\/\/vitrallvic.cat\/es\/wp-json\/wp\/v2\/pages\/11962","targetHints":{"allow":["GET"]}}],"collection":[{"href":"https:\/\/vitrallvic.cat\/es\/wp-json\/wp\/v2\/pages"}],"about":[{"href":"https:\/\/vitrallvic.cat\/es\/wp-json\/wp\/v2\/types\/page"}],"author":[{"embeddable":true,"href":"https:\/\/vitrallvic.cat\/es\/wp-json\/wp\/v2\/users\/2"}],"replies":[{"embeddable":true,"href":"https:\/\/vitrallvic.cat\/es\/wp-json\/wp\/v2\/comments?post=11962"}],"version-history":[{"count":10,"href":"https:\/\/vitrallvic.cat\/es\/wp-json\/wp\/v2\/pages\/11962\/revisions"}],"predecessor-version":[{"id":12348,"href":"https:\/\/vitrallvic.cat\/es\/wp-json\/wp\/v2\/pages\/11962\/revisions\/12348"}],"up":[{"embeddable":true,"href":"https:\/\/vitrallvic.cat\/es\/wp-json\/wp\/v2\/pages\/11955"}],"wp:attachment":[{"href":"https:\/\/vitrallvic.cat\/es\/wp-json\/wp\/v2\/media?parent=11962"}],"curies":[{"name":"wp","href":"https:\/\/api.w.org\/{rel}","templated":true}]}}