{"id":11955,"date":"2022-01-11T04:11:56","date_gmt":"2022-01-11T03:11:56","guid":{"rendered":"https:\/\/vitrallvic.cat\/vidres\/"},"modified":"2024-07-16T17:01:06","modified_gmt":"2024-07-16T15:01:06","slug":"cristales","status":"publish","type":"page","link":"https:\/\/vitrallvic.cat\/es\/cristales\/","title":{"rendered":"Cristales"},"content":{"rendered":"\t\t<div data-elementor-type=\"wp-page\" data-elementor-id=\"11955\" class=\"elementor elementor-11955 elementor-10103\">\n\t\t\t\t\t\t\t\t\t<section class=\"elementor-section elementor-top-section elementor-element elementor-element-6b283e1 elementor-section-boxed elementor-section-height-default elementor-section-height-default\" data-id=\"6b283e1\" data-element_type=\"section\">\n\t\t\t\t\t\t<div class=\"elementor-container elementor-column-gap-default\">\n\t\t\t\t\t<div class=\"elementor-column elementor-col-100 elementor-top-column elementor-element elementor-element-eecf9f5\" data-id=\"eecf9f5\" data-element_type=\"column\">\n\t\t\t<div class=\"elementor-widget-wrap elementor-element-populated\">\n\t\t\t\t\t\t\t\t<div class=\"elementor-element elementor-element-c85017e elementor-widget elementor-widget-heading\" data-id=\"c85017e\" data-element_type=\"widget\" data-widget_type=\"heading.default\">\n\t\t\t\t<div class=\"elementor-widget-container\">\n\t\t\t<style>\/*! elementor - v3.15.0 - 09-08-2023 *\/\n.elementor-heading-title{padding:0;margin:0;line-height:1}.elementor-widget-heading .elementor-heading-title[class*=elementor-size-]>a{color:inherit;font-size:inherit;line-height:inherit}.elementor-widget-heading .elementor-heading-title.elementor-size-small{font-size:15px}.elementor-widget-heading .elementor-heading-title.elementor-size-medium{font-size:19px}.elementor-widget-heading .elementor-heading-title.elementor-size-large{font-size:29px}.elementor-widget-heading .elementor-heading-title.elementor-size-xl{font-size:39px}.elementor-widget-heading .elementor-heading-title.elementor-size-xxl{font-size:59px}<\/style><h1 class=\"elementor-heading-title elementor-size-default\">Especialistas en manipulaci\u00f3n, mecanizaci\u00f3n y montaje del vidrio<\/h1>\t\t<\/div>\n\t\t\t\t<\/div>\n\t\t\t\t\t<\/div>\n\t\t<\/div>\n\t\t\t\t\t\t\t<\/div>\n\t\t<\/section>\n\t\t\t\t<section class=\"elementor-section elementor-top-section elementor-element elementor-element-d995b36 elementor-section-boxed elementor-section-height-default elementor-section-height-default\" data-id=\"d995b36\" data-element_type=\"section\">\n\t\t\t\t\t\t<div class=\"elementor-container elementor-column-gap-default\">\n\t\t\t\t\t<div class=\"elementor-column elementor-col-33 elementor-top-column elementor-element elementor-element-ad86e54\" data-id=\"ad86e54\" data-element_type=\"column\">\n\t\t\t<div class=\"elementor-widget-wrap elementor-element-populated\">\n\t\t\t\t\t\t\t\t<div class=\"elementor-element elementor-element-43f505f poket-star-rating--align-center elementor-widget elementor-widget-witr_section_service2\" data-id=\"43f505f\" data-element_type=\"widget\" data-widget_type=\"witr_section_service2.default\">\n\t\t\t\t<div class=\"elementor-widget-container\">\n\t\t\t\t\t<div class=\"witr_service2 all_service2_color \">\n\t\t\t<div class=\"witr_front_content\">\n\t\t\t\t<!-- image -->\n\t\t\t\t<div class=\"witr_service2_image\">\n\t\t\t\t\t<img loading=\"lazy\" decoding=\"async\" width=\"420\" height=\"350\" src=\"https:\/\/vitrallvic.cat\/wp-content\/uploads\/2023\/07\/monlitic-1-420x350.jpg\" class=\"attachment-poket-event-default size-poket-event-default wp-image-10990\" alt=\"Control num\u00e8ric de tall de vidre\" \/>\t\t\t\t\t\n\t\t\t\t\t<div class=\"witr_back_service2\">\n\t\t\t\t\t\t<div class=\"witr_content_service2\">\t\t\t\t\t\n\t\t\t\t\t\t\t<!-- content -->\n\t\t\t\t\t\t\t\t\t\t\t\t\t\t\t<p>\n <\/p>\t\t\n\t\t\t\t\t\t\t\t\t\t\t\t\t\t<!-- list -->\n\t\t\t\t\t\t\t\t\t\t\t\t\t\n\t\t\t\t\t\t\t<!-- button -->\n\t\t\t\t\t\t\t\t\t\t\t\t\t<\/div>\n\t\t\t\t\t<\/div>\t\t\t\t\t\n\t\t\t\t<\/div>\t\n\t\t\t\t\n\t\t\t\t<div class=\"witr_service2_box d-flex align-items-center\">\n\t\t\t\t\t<div class=\"witr_service2_icon\">\n\t\t\t\t\t\t<!-- icon -->\n\t\t\t\t\t\t\t\t\t\t\t\t\t<i class=\"\"><\/i>\n\t\t\t\t\t\t\t\t\t\t\n\t\t\t\t\t\t<!-- image -->\n\t\t\t\t\t\t\t\t\t\t\t<\/div>\n\t\t\t\t\t\n\t\t\t\t\t<!-- custom icon -->\n\t\t\t\t\t\t\t\t\t\t\n\t\t\t\t\t\n\t\t\t\t\t<div class=\"witr_titles\">\n\t\t\t\t\t\t<!-- title -->\n\t\t\t\t\t\t\t\t\t\t\t\t \n\t\t\t\t\t\t\t<h3><a href=\"https:\/\/vitrallvic.cat\/es\/cristales\/monolitico\/\">Monol\u00edtico\n<\/a><\/h3>\n\t\t\t\t\t\t\t\t\t\t\t\t\t\t\t\t\t<\/div>\n\t\t\t\t<\/div>\n\t\t\t<\/div>\n\t\t<\/div>\n\t\t\n\t\t\t\t<\/div>\n\t\t\t\t<\/div>\n\t\t\t\t\t<\/div>\n\t\t<\/div>\n\t\t\t\t<div class=\"elementor-column elementor-col-33 elementor-top-column elementor-element elementor-element-1cd2514\" data-id=\"1cd2514\" data-element_type=\"column\">\n\t\t\t<div class=\"elementor-widget-wrap elementor-element-populated\">\n\t\t\t\t\t\t\t\t<div class=\"elementor-element elementor-element-f033295 poket-star-rating--align-center elementor-widget elementor-widget-witr_section_service2\" data-id=\"f033295\" data-element_type=\"widget\" data-widget_type=\"witr_section_service2.default\">\n\t\t\t\t<div class=\"elementor-widget-container\">\n\t\t\t\t\t<div class=\"witr_service2 all_service2_color \">\n\t\t\t<div class=\"witr_front_content\">\n\t\t\t\t<!-- image -->\n\t\t\t\t<div class=\"witr_service2_image\">\n\t\t\t\t\t<img loading=\"lazy\" decoding=\"async\" width=\"420\" height=\"350\" src=\"https:\/\/vitrallvic.cat\/wp-content\/uploads\/2023\/07\/laminat-2-420x350.jpg\" class=\"attachment-poket-event-default size-poket-event-default wp-image-11023\" alt=\"Banc electr\u00f2nic de tall de vidre\" \/>\t\t\t\t\t\n\t\t\t\t\t<div class=\"witr_back_service2\">\n\t\t\t\t\t\t<div class=\"witr_content_service2\">\t\t\t\t\t\n\t\t\t\t\t\t\t<!-- content -->\n\t\t\t\t\t\t\t\t\t\t\t\t\t\t\t<p>\n <\/p>\t\t\n\t\t\t\t\t\t\t\t\t\t\t\t\t\t<!-- list -->\n\t\t\t\t\t\t\t\t\t\t\t\t\t\n\t\t\t\t\t\t\t<!-- button -->\n\t\t\t\t\t\t\t\t\t\t\t\t\t<\/div>\n\t\t\t\t\t<\/div>\t\t\t\t\t\n\t\t\t\t<\/div>\t\n\t\t\t\t\n\t\t\t\t<div class=\"witr_service2_box d-flex align-items-center\">\n\t\t\t\t\t<div class=\"witr_service2_icon\">\n\t\t\t\t\t\t<!-- icon -->\n\t\t\t\t\t\t\t\t\t\t\t\t\t<i class=\"\"><\/i>\n\t\t\t\t\t\t\t\t\t\t\n\t\t\t\t\t\t<!-- image -->\n\t\t\t\t\t\t\t\t\t\t\t<\/div>\n\t\t\t\t\t\n\t\t\t\t\t<!-- custom icon -->\n\t\t\t\t\t\t\t\t\t\t\n\t\t\t\t\t\n\t\t\t\t\t<div class=\"witr_titles\">\n\t\t\t\t\t\t<!-- title -->\n\t\t\t\t\t\t\t\t\t\t\t\t \n\t\t\t\t\t\t\t<h3><a href=\"https:\/\/vitrallvic.cat\/es\/cristales\/laminados\/\">Laminados<\/a><\/h3>\n\t\t\t\t\t\t\t\t\t\t\t\t\t\t\t\t\t<\/div>\n\t\t\t\t<\/div>\n\t\t\t<\/div>\n\t\t<\/div>\n\t\t\n\t\t\t\t<\/div>\n\t\t\t\t<\/div>\n\t\t\t\t\t<\/div>\n\t\t<\/div>\n\t\t\t\t<div class=\"elementor-column elementor-col-33 elementor-top-column elementor-element elementor-element-00795ad\" data-id=\"00795ad\" data-element_type=\"column\">\n\t\t\t<div class=\"elementor-widget-wrap elementor-element-populated\">\n\t\t\t\t\t\t\t\t<div class=\"elementor-element elementor-element-7bd7ced poket-star-rating--align-center elementor-widget elementor-widget-witr_section_service2\" data-id=\"7bd7ced\" data-element_type=\"widget\" data-widget_type=\"witr_section_service2.default\">\n\t\t\t\t<div class=\"elementor-widget-container\">\n\t\t\t\t\t<div class=\"witr_service2 all_service2_color \">\n\t\t\t<div class=\"witr_front_content\">\n\t\t\t\t<!-- image -->\n\t\t\t\t<div class=\"witr_service2_image\">\n\t\t\t\t\t<img loading=\"lazy\" decoding=\"async\" width=\"420\" height=\"350\" src=\"https:\/\/vitrallvic.cat\/wp-content\/uploads\/2023\/07\/control-numeric-1-1-420x350.webp\" class=\"attachment-poket-event-default size-poket-event-default wp-image-11325\" alt=\"M\u00e0quina de control num\u00e8ric per a tall de vidre\" \/>\t\t\t\t\t\n\t\t\t\t\t<div class=\"witr_back_service2\">\n\t\t\t\t\t\t<div class=\"witr_content_service2\">\t\t\t\t\t\n\t\t\t\t\t\t\t<!-- content -->\n\t\t\t\t\t\t\t\t\t\t\t\t\t\t\t<p>\n <\/p>\t\t\n\t\t\t\t\t\t\t\t\t\t\t\t\t\t<!-- list -->\n\t\t\t\t\t\t\t\t\t\t\t\t\t\n\t\t\t\t\t\t\t<!-- button -->\n\t\t\t\t\t\t\t\t\t\t\t\t\t<\/div>\n\t\t\t\t\t<\/div>\t\t\t\t\t\n\t\t\t\t<\/div>\t\n\t\t\t\t\n\t\t\t\t<div class=\"witr_service2_box d-flex align-items-center\">\n\t\t\t\t\t<div class=\"witr_service2_icon\">\n\t\t\t\t\t\t<!-- icon -->\n\t\t\t\t\t\t\t\t\t\t\t\t\t<i class=\"\"><\/i>\n\t\t\t\t\t\t\t\t\t\t\n\t\t\t\t\t\t<!-- image -->\n\t\t\t\t\t\t\t\t\t\t\t<\/div>\n\t\t\t\t\t\n\t\t\t\t\t<!-- custom icon -->\n\t\t\t\t\t\t\t\t\t\t\n\t\t\t\t\t\n\t\t\t\t\t<div class=\"witr_titles\">\n\t\t\t\t\t\t<!-- title -->\n\t\t\t\t\t\t\t\t\t\t\t\t \n\t\t\t\t\t\t\t<h3><a href=\"https:\/\/vitrallvic.cat\/es\/cristales\/control-numerico\/\">Control num\u00e9rico\n<\/a><\/h3>\n\t\t\t\t\t\t\t\t\t\t\t\t\t\t\t\t\t<\/div>\n\t\t\t\t<\/div>\n\t\t\t<\/div>\n\t\t<\/div>\n\t\t\n\t\t\t\t<\/div>\n\t\t\t\t<\/div>\n\t\t\t\t\t<\/div>\n\t\t<\/div>\n\t\t\t\t\t\t\t<\/div>\n\t\t<\/section>\n\t\t\t\t<section class=\"elementor-section elementor-top-section elementor-element elementor-element-e1af737 elementor-section-boxed elementor-section-height-default elementor-section-height-default\" data-id=\"e1af737\" data-element_type=\"section\">\n\t\t\t\t\t\t<div class=\"elementor-container elementor-column-gap-default\">\n\t\t\t\t\t<div class=\"elementor-column elementor-col-50 elementor-top-column elementor-element elementor-element-c9170c2\" data-id=\"c9170c2\" data-element_type=\"column\">\n\t\t\t<div class=\"elementor-widget-wrap elementor-element-populated\">\n\t\t\t\t\t\t\t\t<div class=\"elementor-element elementor-element-0e91a43 poket-star-rating--align-center elementor-widget elementor-widget-witr_section_service2\" data-id=\"0e91a43\" data-element_type=\"widget\" data-widget_type=\"witr_section_service2.default\">\n\t\t\t\t<div class=\"elementor-widget-container\">\n\t\t\t\t\t<div class=\"witr_service2 all_service2_color \">\n\t\t\t<div class=\"witr_front_content\">\n\t\t\t\t<!-- image -->\n\t\t\t\t<div class=\"witr_service2_image\">\n\t\t\t\t\t<img loading=\"lazy\" decoding=\"async\" width=\"420\" height=\"350\" src=\"https:\/\/vitrallvic.cat\/wp-content\/uploads\/2023\/07\/manofactures-2-1-420x350.jpg\" class=\"attachment-poket-event-default size-poket-event-default wp-image-11326\" alt=\"Maquin\u00e0ria de manipulaci\u00f3 de vidre\" srcset=\"https:\/\/vitrallvic.cat\/wp-content\/uploads\/2023\/07\/manofactures-2-1-420x350.jpg 420w, https:\/\/vitrallvic.cat\/wp-content\/uploads\/2023\/07\/manofactures-2-1-300x249.jpg 300w, https:\/\/vitrallvic.cat\/wp-content\/uploads\/2023\/07\/manofactures-2-1-1024x850.jpg 1024w\" sizes=\"auto, (max-width: 420px) 100vw, 420px\" \/>\t\t\t\t\t\n\t\t\t\t\t<div class=\"witr_back_service2\">\n\t\t\t\t\t\t<div class=\"witr_content_service2\">\t\t\t\t\t\n\t\t\t\t\t\t\t<!-- content -->\n\t\t\t\t\t\t\t\t\t\t\t\t\t\t\t<p>\n\n <\/p>\t\t\n\t\t\t\t\t\t\t\t\t\t\t\t\t\t<!-- list -->\n\t\t\t\t\t\t\t\t\t\t\t\t\t\n\t\t\t\t\t\t\t<!-- button -->\n\t\t\t\t\t\t\t\t\t\t\t\t\t<\/div>\n\t\t\t\t\t<\/div>\t\t\t\t\t\n\t\t\t\t<\/div>\t\n\t\t\t\t\n\t\t\t\t<div class=\"witr_service2_box d-flex align-items-center\">\n\t\t\t\t\t<div class=\"witr_service2_icon\">\n\t\t\t\t\t\t<!-- icon -->\n\t\t\t\t\t\t\t\t\t\t\t\t\t<i class=\"\"><\/i>\n\t\t\t\t\t\t\t\t\t\t\n\t\t\t\t\t\t<!-- image -->\n\t\t\t\t\t\t\t\t\t\t\t<\/div>\n\t\t\t\t\t\n\t\t\t\t\t<!-- custom icon -->\n\t\t\t\t\t\t\t\t\t\t\n\t\t\t\t\t\n\t\t\t\t\t<div class=\"witr_titles\">\n\t\t\t\t\t\t<!-- title -->\n\t\t\t\t\t\t\t\t\t\t\t\t \n\t\t\t\t\t\t\t<h3><a href=\"https:\/\/vitrallvic.cat\/es\/cristales\/manufacturas\/\">Manufacturas\n<\/a><\/h3>\n\t\t\t\t\t\t\t\t\t\t\t\t\t\t\t\t\t<\/div>\n\t\t\t\t<\/div>\n\t\t\t<\/div>\n\t\t<\/div>\n\t\t\n\t\t\t\t<\/div>\n\t\t\t\t<\/div>\n\t\t\t\t\t<\/div>\n\t\t<\/div>\n\t\t\t\t<div class=\"elementor-column elementor-col-50 elementor-top-column elementor-element elementor-element-53aaaf3\" data-id=\"53aaaf3\" data-element_type=\"column\">\n\t\t\t<div class=\"elementor-widget-wrap elementor-element-populated\">\n\t\t\t\t\t\t\t\t<div class=\"elementor-element elementor-element-7350da4 poket-star-rating--align-center elementor-widget elementor-widget-witr_section_service2\" data-id=\"7350da4\" data-element_type=\"widget\" data-widget_type=\"witr_section_service2.default\">\n\t\t\t\t<div class=\"elementor-widget-container\">\n\t\t\t\t\t<div class=\"witr_service2 all_service2_color \">\n\t\t\t<div class=\"witr_front_content\">\n\t\t\t\t<!-- image -->\n\t\t\t\t<div class=\"witr_service2_image\">\n\t\t\t\t\t<img loading=\"lazy\" decoding=\"async\" width=\"420\" height=\"350\" src=\"https:\/\/vitrallvic.cat\/wp-content\/uploads\/2023\/07\/instal.lacions-1-1-420x350.jpg\" class=\"attachment-poket-event-default size-poket-event-default wp-image-11327\" alt=\"Muntatge de vidre a fa\u00e7ana\" \/>\t\t\t\t\t\n\t\t\t\t\t<div class=\"witr_back_service2\">\n\t\t\t\t\t\t<div class=\"witr_content_service2\">\t\t\t\t\t\n\t\t\t\t\t\t\t<!-- content -->\n\t\t\t\t\t\t\t\t\t\t\t\t\t\t<!-- list -->\n\t\t\t\t\t\t\t\t\t\t\t\t\t\n\t\t\t\t\t\t\t<!-- button -->\n\t\t\t\t\t\t\t\t\t\t\t\t\t<\/div>\n\t\t\t\t\t<\/div>\t\t\t\t\t\n\t\t\t\t<\/div>\t\n\t\t\t\t\n\t\t\t\t<div class=\"witr_service2_box d-flex align-items-center\">\n\t\t\t\t\t<div class=\"witr_service2_icon\">\n\t\t\t\t\t\t<!-- icon -->\n\t\t\t\t\t\t\t\t\t\t\t\t\t<i class=\"\"><\/i>\n\t\t\t\t\t\t\t\t\t\t\n\t\t\t\t\t\t<!-- image -->\n\t\t\t\t\t\t\t\t\t\t\t<\/div>\n\t\t\t\t\t\n\t\t\t\t\t<!-- custom icon -->\n\t\t\t\t\t\t\t\t\t\t\n\t\t\t\t\t\n\t\t\t\t\t<div class=\"witr_titles\">\n\t\t\t\t\t\t<!-- title -->\n\t\t\t\t\t\t\t\t\t\t\t\t \n\t\t\t\t\t\t\t<h3><a href=\"https:\/\/vitrallvic.cat\/es\/cristales\/instalaciones\/\">Instalaciones<\/a><\/h3>\n\t\t\t\t\t\t\t\t\t\t\t\t\t\t\t\t\t<\/div>\n\t\t\t\t<\/div>\n\t\t\t<\/div>\n\t\t<\/div>\n\t\t\n\t\t\t\t<\/div>\n\t\t\t\t<\/div>\n\t\t\t\t\t<\/div>\n\t\t<\/div>\n\t\t\t\t\t\t\t<\/div>\n\t\t<\/section>\n\t\t\t\t\t\t\t<\/div>\n\t\t","protected":false},"excerpt":{"rendered":"<p>Especialistas en manipulaci\u00f3n, mecanizaci\u00f3n y montaje del vidrio Monol\u00edtico Laminados Control num\u00e9rico Manufacturas Instalaciones<\/p>\n","protected":false},"author":2,"featured_media":0,"parent":0,"menu_order":0,"comment_status":"closed","ping_status":"closed","template":"template-home.php","meta":{"footnotes":""},"class_list":["post-11955","page","type-page","status-publish","hentry"],"yoast_head":"<!-- This site is optimized with the Yoast SEO plugin v20.13 - https:\/\/yoast.com\/wordpress\/plugins\/seo\/ -->\n<title>Fabricaci\u00f3n y montaje de puertas y divisorias de cristal<\/title>\n<meta name=\"description\" content=\"Expertos en puertas interiores de cristal, puertas correderas de cristal, puertas autom\u00e1ticas de cristal en Osona\" \/>\n<meta name=\"robots\" content=\"index, follow, max-snippet:-1, max-image-preview:large, max-video-preview:-1\" \/>\n<link rel=\"canonical\" href=\"https:\/\/vitrallvic.cat\/es\/cristales\/\" \/>\n<meta property=\"og:locale\" content=\"es_ES\" \/>\n<meta property=\"og:type\" content=\"article\" \/>\n<meta property=\"og:title\" content=\"Fabricaci\u00f3n y montaje de puertas y divisorias de cristal\" \/>\n<meta property=\"og:description\" content=\"Expertos en puertas interiores de cristal, puertas correderas de cristal, puertas autom\u00e1ticas de cristal en Osona\" \/>\n<meta property=\"og:url\" content=\"https:\/\/vitrallvic.cat\/es\/cristales\/\" \/>\n<meta property=\"og:site_name\" content=\"Vitrall Vic SL\" \/>\n<meta property=\"article:modified_time\" content=\"2024-07-16T15:01:06+00:00\" \/>\n<meta property=\"og:image\" content=\"https:\/\/vitrallvic.cat\/wp-content\/uploads\/2023\/07\/monlitic-1-420x350.jpg\" \/>\n<meta name=\"twitter:card\" content=\"summary_large_image\" \/>\n<meta name=\"twitter:label1\" content=\"Tiempo de lectura\" \/>\n\t<meta name=\"twitter:data1\" content=\"2 minutos\" \/>\n<script type=\"application\/ld+json\" class=\"yoast-schema-graph\">{\"@context\":\"https:\/\/schema.org\",\"@graph\":[{\"@type\":\"WebPage\",\"@id\":\"https:\/\/vitrallvic.cat\/es\/cristales\/\",\"url\":\"https:\/\/vitrallvic.cat\/es\/cristales\/\",\"name\":\"Fabricaci\u00f3n y montaje de puertas y divisorias de cristal\",\"isPartOf\":{\"@id\":\"https:\/\/vitrallvic.cat\/#website\"},\"datePublished\":\"2022-01-11T03:11:56+00:00\",\"dateModified\":\"2024-07-16T15:01:06+00:00\",\"description\":\"Expertos en puertas interiores de cristal, puertas correderas de cristal, puertas autom\u00e1ticas de cristal en Osona\",\"breadcrumb\":{\"@id\":\"https:\/\/vitrallvic.cat\/es\/cristales\/#breadcrumb\"},\"inLanguage\":\"es\",\"potentialAction\":[{\"@type\":\"ReadAction\",\"target\":[\"https:\/\/vitrallvic.cat\/es\/cristales\/\"]}]},{\"@type\":\"BreadcrumbList\",\"@id\":\"https:\/\/vitrallvic.cat\/es\/cristales\/#breadcrumb\",\"itemListElement\":[{\"@type\":\"ListItem\",\"position\":1,\"name\":\"Portada\",\"item\":\"https:\/\/vitrallvic.cat\/es\/\"},{\"@type\":\"ListItem\",\"position\":2,\"name\":\"Cristales\"}]},{\"@type\":\"WebSite\",\"@id\":\"https:\/\/vitrallvic.cat\/#website\",\"url\":\"https:\/\/vitrallvic.cat\/\",\"name\":\"Vitrall Vic SL\",\"description\":\"\",\"potentialAction\":[{\"@type\":\"SearchAction\",\"target\":{\"@type\":\"EntryPoint\",\"urlTemplate\":\"https:\/\/vitrallvic.cat\/?s={search_term_string}\"},\"query-input\":\"required name=search_term_string\"}],\"inLanguage\":\"es\"}]}<\/script>\n<!-- \/ Yoast SEO plugin. -->","yoast_head_json":{"title":"Fabricaci\u00f3n y montaje de puertas y divisorias de cristal","description":"Expertos en puertas interiores de cristal, puertas correderas de cristal, puertas autom\u00e1ticas de cristal en Osona","robots":{"index":"index","follow":"follow","max-snippet":"max-snippet:-1","max-image-preview":"max-image-preview:large","max-video-preview":"max-video-preview:-1"},"canonical":"https:\/\/vitrallvic.cat\/es\/cristales\/","og_locale":"es_ES","og_type":"article","og_title":"Fabricaci\u00f3n y montaje de puertas y divisorias de cristal","og_description":"Expertos en puertas interiores de cristal, puertas correderas de cristal, puertas autom\u00e1ticas de cristal en Osona","og_url":"https:\/\/vitrallvic.cat\/es\/cristales\/","og_site_name":"Vitrall Vic SL","article_modified_time":"2024-07-16T15:01:06+00:00","og_image":[{"url":"https:\/\/vitrallvic.cat\/wp-content\/uploads\/2023\/07\/monlitic-1-420x350.jpg"}],"twitter_card":"summary_large_image","twitter_misc":{"Tiempo de lectura":"2 minutos"},"schema":{"@context":"https:\/\/schema.org","@graph":[{"@type":"WebPage","@id":"https:\/\/vitrallvic.cat\/es\/cristales\/","url":"https:\/\/vitrallvic.cat\/es\/cristales\/","name":"Fabricaci\u00f3n y montaje de puertas y divisorias de cristal","isPartOf":{"@id":"https:\/\/vitrallvic.cat\/#website"},"datePublished":"2022-01-11T03:11:56+00:00","dateModified":"2024-07-16T15:01:06+00:00","description":"Expertos en puertas interiores de cristal, puertas correderas de cristal, puertas autom\u00e1ticas de cristal en Osona","breadcrumb":{"@id":"https:\/\/vitrallvic.cat\/es\/cristales\/#breadcrumb"},"inLanguage":"es","potentialAction":[{"@type":"ReadAction","target":["https:\/\/vitrallvic.cat\/es\/cristales\/"]}]},{"@type":"BreadcrumbList","@id":"https:\/\/vitrallvic.cat\/es\/cristales\/#breadcrumb","itemListElement":[{"@type":"ListItem","position":1,"name":"Portada","item":"https:\/\/vitrallvic.cat\/es\/"},{"@type":"ListItem","position":2,"name":"Cristales"}]},{"@type":"WebSite","@id":"https:\/\/vitrallvic.cat\/#website","url":"https:\/\/vitrallvic.cat\/","name":"Vitrall Vic SL","description":"","potentialAction":[{"@type":"SearchAction","target":{"@type":"EntryPoint","urlTemplate":"https:\/\/vitrallvic.cat\/?s={search_term_string}"},"query-input":"required name=search_term_string"}],"inLanguage":"es"}]}},"_links":{"self":[{"href":"https:\/\/vitrallvic.cat\/es\/wp-json\/wp\/v2\/pages\/11955","targetHints":{"allow":["GET"]}}],"collection":[{"href":"https:\/\/vitrallvic.cat\/es\/wp-json\/wp\/v2\/pages"}],"about":[{"href":"https:\/\/vitrallvic.cat\/es\/wp-json\/wp\/v2\/types\/page"}],"author":[{"embeddable":true,"href":"https:\/\/vitrallvic.cat\/es\/wp-json\/wp\/v2\/users\/2"}],"replies":[{"embeddable":true,"href":"https:\/\/vitrallvic.cat\/es\/wp-json\/wp\/v2\/comments?post=11955"}],"version-history":[{"count":54,"href":"https:\/\/vitrallvic.cat\/es\/wp-json\/wp\/v2\/pages\/11955\/revisions"}],"predecessor-version":[{"id":12357,"href":"https:\/\/vitrallvic.cat\/es\/wp-json\/wp\/v2\/pages\/11955\/revisions\/12357"}],"wp:attachment":[{"href":"https:\/\/vitrallvic.cat\/es\/wp-json\/wp\/v2\/media?parent=11955"}],"curies":[{"name":"wp","href":"https:\/\/api.w.org\/{rel}","templated":true}]}}