{"id":11950,"date":"2020-06-10T11:50:41","date_gmt":"2020-06-10T09:50:41","guid":{"rendered":"https:\/\/vitrallvic.cat\/empresa\/"},"modified":"2024-09-03T11:24:25","modified_gmt":"2024-09-03T09:24:25","slug":"empresa","status":"publish","type":"page","link":"https:\/\/vitrallvic.cat\/es\/empresa\/","title":{"rendered":"Empresa"},"content":{"rendered":"\t\t<div data-elementor-type=\"wp-page\" data-elementor-id=\"11950\" class=\"elementor elementor-11950 elementor-360\">\n\t\t\t\t\t\t\t\t\t<section class=\"elementor-section elementor-top-section elementor-element elementor-element-3924960 elementor-section-content-middle elementor-reverse-mobile elementor-section-boxed elementor-section-height-default elementor-section-height-default\" data-id=\"3924960\" data-element_type=\"section\">\n\t\t\t\t\t\t<div class=\"elementor-container elementor-column-gap-default\">\n\t\t\t\t\t<div class=\"elementor-column elementor-col-50 elementor-top-column elementor-element elementor-element-9d4254b\" data-id=\"9d4254b\" data-element_type=\"column\">\n\t\t\t<div class=\"elementor-widget-wrap elementor-element-populated\">\n\t\t\t\t\t\t\t\t<div class=\"elementor-element elementor-element-0ad5251 elementor-arrows-position-inside elementor-widget elementor-widget-image-carousel\" data-id=\"0ad5251\" data-element_type=\"widget\" data-settings=\"{&quot;slides_to_show&quot;:&quot;1&quot;,&quot;navigation&quot;:&quot;arrows&quot;,&quot;autoplay_speed&quot;:3000,&quot;autoplay&quot;:&quot;yes&quot;,&quot;pause_on_hover&quot;:&quot;yes&quot;,&quot;pause_on_interaction&quot;:&quot;yes&quot;,&quot;infinite&quot;:&quot;yes&quot;,&quot;effect&quot;:&quot;slide&quot;,&quot;speed&quot;:500}\" data-widget_type=\"image-carousel.default\">\n\t\t\t\t<div class=\"elementor-widget-container\">\n\t\t\t<style>\/*! elementor - v3.15.0 - 09-08-2023 *\/\n.elementor-widget-image-carousel .swiper,.elementor-widget-image-carousel .swiper-container{position:static}.elementor-widget-image-carousel .swiper-container .swiper-slide figure,.elementor-widget-image-carousel .swiper .swiper-slide figure{line-height:inherit}.elementor-widget-image-carousel .swiper-slide{text-align:center}.elementor-image-carousel-wrapper:not(.swiper-container-initialized):not(.swiper-initialized) .swiper-slide{max-width:calc(100% \/ var(--e-image-carousel-slides-to-show, 3))}<\/style>\t\t<div class=\"elementor-image-carousel-wrapper swiper\" dir=\"ltr\">\n\t\t\t<div class=\"elementor-image-carousel swiper-wrapper swiper-image-stretch\" aria-live=\"off\">\n\t\t\t\t\t\t\t\t<div class=\"swiper-slide\" role=\"group\" aria-roledescription=\"slide\" aria-label=\"1 de 5\"><figure class=\"swiper-slide-inner\"><img decoding=\"async\" class=\"swiper-slide-image\" src=\"https:\/\/vitrallvic.cat\/wp-content\/uploads\/2023\/07\/empresa-2.jpg\" alt=\"empresa-2\" \/><\/figure><\/div><div class=\"swiper-slide\" role=\"group\" aria-roledescription=\"slide\" aria-label=\"2 de 5\"><figure class=\"swiper-slide-inner\"><img decoding=\"async\" class=\"swiper-slide-image\" src=\"https:\/\/vitrallvic.cat\/wp-content\/uploads\/2023\/07\/empresa-3.jpg\" alt=\"empresa-3\" \/><\/figure><\/div><div class=\"swiper-slide\" role=\"group\" aria-roledescription=\"slide\" aria-label=\"3 de 5\"><figure class=\"swiper-slide-inner\"><img decoding=\"async\" class=\"swiper-slide-image\" src=\"https:\/\/vitrallvic.cat\/wp-content\/uploads\/2023\/07\/empresa-4.jpg\" alt=\"empresa-4\" \/><\/figure><\/div><div class=\"swiper-slide\" role=\"group\" aria-roledescription=\"slide\" aria-label=\"4 de 5\"><figure class=\"swiper-slide-inner\"><img decoding=\"async\" class=\"swiper-slide-image\" src=\"https:\/\/vitrallvic.cat\/wp-content\/uploads\/2023\/07\/empresa-1.jpg\" alt=\"empresa-1\" \/><\/figure><\/div><div class=\"swiper-slide\" role=\"group\" aria-roledescription=\"slide\" aria-label=\"5 de 5\"><figure class=\"swiper-slide-inner\"><img decoding=\"async\" class=\"swiper-slide-image\" src=\"https:\/\/vitrallvic.cat\/wp-content\/uploads\/2023\/07\/arq_1-1024x536-1.jpg\" alt=\"arq_1-1024x536\" \/><\/figure><\/div>\t\t\t<\/div>\n\t\t\t\t\t\t\t\t\t\t\t\t<div class=\"elementor-swiper-button elementor-swiper-button-prev\" role=\"button\" tabindex=\"0\">\n\t\t\t\t\t\t<i aria-hidden=\"true\" class=\"eicon-chevron-left\"><\/i>\t\t\t\t\t<\/div>\n\t\t\t\t\t<div class=\"elementor-swiper-button elementor-swiper-button-next\" role=\"button\" tabindex=\"0\">\n\t\t\t\t\t\t<i aria-hidden=\"true\" class=\"eicon-chevron-right\"><\/i>\t\t\t\t\t<\/div>\n\t\t\t\t\n\t\t\t\t\t\t\t\t\t<\/div>\n\t\t\t\t<\/div>\n\t\t\t\t<\/div>\n\t\t\t\t\t<\/div>\n\t\t<\/div>\n\t\t\t\t<div class=\"elementor-column elementor-col-50 elementor-top-column elementor-element elementor-element-3adf1c4\" data-id=\"3adf1c4\" data-element_type=\"column\">\n\t\t\t<div class=\"elementor-widget-wrap elementor-element-populated\">\n\t\t\t\t\t\t\t\t<div class=\"elementor-element elementor-element-262ab33 poket-star-rating--align-center elementor-widget elementor-widget-witr_section_title\" data-id=\"262ab33\" data-element_type=\"widget\" data-widget_type=\"witr_section_title.default\">\n\t\t\t\t<div class=\"elementor-widget-container\">\n\t\t\t\t\t\t\t\t<!-- title left -->\n\t\t\t\t\t<div class=\"witr_section_title\">\n\t\t\t\t\t\t<div class=\"witr_section_title_inner text-left\">\n\t\t\t\t\t\t\n\t\t\t\t\t\t\t<!-- icon position -->\n\t\t\t\t\t\t\t\t\n\t\t\t\t\t\t\t<!-- end icon position -->\n\t\t\t\t\t\t\n\t\t\t\t\t\t\n\t\t\t\t\t\t\t<!-- title top -->\n\t\t\t\t\t\t\t\n\t\t\t\t\t\t\t<!-- icon position -->\n\t\t\t\t\t\t\t\t\n\t\t\t\t\t\t\t<!-- end icon position -->\n\n\t\t\t\t\t\t\t\n\t\t\t\t\t\t\t<!-- title middle -->\n\t\t\t\t\t\t\t\t\t\t\t\t\t\t\t<h3><h1>Vitrall Vic expertos en vidrio<\/h1><\/h3>\t\t\n\t\t\t\t\t\t\t\t\t\t\t\t\t\t<!-- title bottom -->\n\t\t\t\t\t\t\t\t\t\t\t\t\t\t\n\t\t\t\t\t\t\t<!-- icon position -->\n\t\t\t\t\t\t\t\t\t\t\t\t\t\t\n\t\t\t\t\t\t\t<!-- image -->\n\t\t\t\t\t\t\t\t\t\t\t\t\t\t<!-- icon -->\n\t\t\t\t\t\t\t\t\t\t\t\t\t\t\n\t\t\t\t\t\t\t<!-- bar -->\n\t\t\t\t\t\t\t\t\t\t\t\t\t\t<!-- circle bar -->\n\t\t\t\t\t\t\t\t\t\t\t\t\t\t\n\t\t\t\t\t\t\t\t\n\t\t\t\t\t\t\t<!-- end icon position -->\n\n\t\t\t\t\t\t\t<!-- content -->\n\t\t\t\t\t\t\t\t\t\t\t\t\t\t\t<p>Con m\u00e1s de 40 a\u00f1os de experiencia, VITRALL VIC ejecuta todo tipo de obras tan p\u00fablicas, industriales y particulares.\n\n<br>\nOfrecemos un servicio t\u00e9cnico global y resolvemos con la mayor calidad y rapidez las necesidades de nuestros clientes.\n\n<br>\nNuestro equipo de profesionales le ofrecen un trato directo, personalizado y le acompa\u00f1ar\u00e1n en las diferentes fases de su proyecto.\n\n<br>\nEl trabajo constante, la innovaci\u00f3n permanente y el compromiso con el trabajo bien hecho hacen de VITRALL VIC, una empresa s\u00f3lida, competitiva y de confianza. Agradecemos a clientes, proveedores y colaboradores su fidelidad y esperamos seguir estando a su lado muchos a\u00f1os m\u00e1s. <\/p>\t\t\n\t\t\t\t\t\t\t\t\t\t\t\t\t<\/div>\n\t\t\t\t\t\t\t<!-- inner title -->\n\t\t\t\t\t\t\t\t\t\t\t\t\t\n\t\t\t\t\t<\/div>\t\t\t\t\n\t\t\t\t\t\t<\/div>\n\t\t\t\t<\/div>\n\t\t\t\t\t<\/div>\n\t\t<\/div>\n\t\t\t\t\t\t\t<\/div>\n\t\t<\/section>\n\t\t\t\t\t\t\t<\/div>\n\t\t","protected":false},"excerpt":{"rendered":"<p>Vitrall Vic expertos en vidrio Con m\u00e1s de 40 a\u00f1os de experiencia, VITRALL VIC ejecuta todo tipo de obras tan p\u00fablicas, industriales y particulares. Ofrecemos un servicio t\u00e9cnico global y resolvemos con la mayor calidad y rapidez las necesidades de nuestros clientes. Nuestro equipo de profesionales le ofrecen un trato directo, personalizado y le acompa\u00f1ar\u00e1n [&hellip;]<\/p>\n","protected":false},"author":2,"featured_media":0,"parent":0,"menu_order":0,"comment_status":"closed","ping_status":"closed","template":"template-home.php","meta":{"footnotes":""},"class_list":["post-11950","page","type-page","status-publish","hentry"],"yoast_head":"<!-- This site is optimized with the Yoast SEO plugin v20.13 - https:\/\/yoast.com\/wordpress\/plugins\/seo\/ -->\n<title>Vidrio para arquitectura - Mamparas y barandillas de vidrio<\/title>\n<meta name=\"description\" content=\"Fabricaci\u00f3n y montaje vidrio a medida en Vic y Osona. Instalaci\u00f3n de puertas, paredes y barandillas de vidrio personalizadas para hogares y empresas.\" \/>\n<meta name=\"robots\" content=\"index, follow, max-snippet:-1, max-image-preview:large, max-video-preview:-1\" \/>\n<link rel=\"canonical\" href=\"https:\/\/vitrallvic.cat\/es\/empresa\/\" \/>\n<meta property=\"og:locale\" content=\"es_ES\" \/>\n<meta property=\"og:type\" content=\"article\" \/>\n<meta property=\"og:title\" content=\"Vidrio para arquitectura - Mamparas y barandillas de vidrio\" \/>\n<meta property=\"og:description\" content=\"Fabricaci\u00f3n y montaje vidrio a medida en Vic y Osona. Instalaci\u00f3n de puertas, paredes y barandillas de vidrio personalizadas para hogares y empresas.\" \/>\n<meta property=\"og:url\" content=\"https:\/\/vitrallvic.cat\/es\/empresa\/\" \/>\n<meta property=\"og:site_name\" content=\"Vitrall Vic SL\" \/>\n<meta property=\"article:modified_time\" content=\"2024-09-03T09:24:25+00:00\" \/>\n<meta property=\"og:image\" content=\"https:\/\/vitrallvic.cat\/wp-content\/uploads\/2023\/07\/empresa-2.jpg\" \/>\n<meta name=\"twitter:card\" content=\"summary_large_image\" \/>\n<meta name=\"twitter:label1\" content=\"Tiempo de lectura\" \/>\n\t<meta name=\"twitter:data1\" content=\"2 minutos\" \/>\n<script type=\"application\/ld+json\" class=\"yoast-schema-graph\">{\"@context\":\"https:\/\/schema.org\",\"@graph\":[{\"@type\":\"WebPage\",\"@id\":\"https:\/\/vitrallvic.cat\/es\/empresa\/\",\"url\":\"https:\/\/vitrallvic.cat\/es\/empresa\/\",\"name\":\"Vidrio para arquitectura - Mamparas y barandillas de vidrio\",\"isPartOf\":{\"@id\":\"https:\/\/vitrallvic.cat\/#website\"},\"datePublished\":\"2020-06-10T09:50:41+00:00\",\"dateModified\":\"2024-09-03T09:24:25+00:00\",\"description\":\"Fabricaci\u00f3n y montaje vidrio a medida en Vic y Osona. Instalaci\u00f3n de puertas, paredes y barandillas de vidrio personalizadas para hogares y empresas.\",\"breadcrumb\":{\"@id\":\"https:\/\/vitrallvic.cat\/es\/empresa\/#breadcrumb\"},\"inLanguage\":\"es\",\"potentialAction\":[{\"@type\":\"ReadAction\",\"target\":[\"https:\/\/vitrallvic.cat\/es\/empresa\/\"]}]},{\"@type\":\"BreadcrumbList\",\"@id\":\"https:\/\/vitrallvic.cat\/es\/empresa\/#breadcrumb\",\"itemListElement\":[{\"@type\":\"ListItem\",\"position\":1,\"name\":\"Portada\",\"item\":\"https:\/\/vitrallvic.cat\/es\/\"},{\"@type\":\"ListItem\",\"position\":2,\"name\":\"Empresa\"}]},{\"@type\":\"WebSite\",\"@id\":\"https:\/\/vitrallvic.cat\/#website\",\"url\":\"https:\/\/vitrallvic.cat\/\",\"name\":\"Vitrall Vic SL\",\"description\":\"\",\"potentialAction\":[{\"@type\":\"SearchAction\",\"target\":{\"@type\":\"EntryPoint\",\"urlTemplate\":\"https:\/\/vitrallvic.cat\/?s={search_term_string}\"},\"query-input\":\"required name=search_term_string\"}],\"inLanguage\":\"es\"}]}<\/script>\n<!-- \/ Yoast SEO plugin. -->","yoast_head_json":{"title":"Vidrio para arquitectura - Mamparas y barandillas de vidrio","description":"Fabricaci\u00f3n y montaje vidrio a medida en Vic y Osona. Instalaci\u00f3n de puertas, paredes y barandillas de vidrio personalizadas para hogares y empresas.","robots":{"index":"index","follow":"follow","max-snippet":"max-snippet:-1","max-image-preview":"max-image-preview:large","max-video-preview":"max-video-preview:-1"},"canonical":"https:\/\/vitrallvic.cat\/es\/empresa\/","og_locale":"es_ES","og_type":"article","og_title":"Vidrio para arquitectura - Mamparas y barandillas de vidrio","og_description":"Fabricaci\u00f3n y montaje vidrio a medida en Vic y Osona. Instalaci\u00f3n de puertas, paredes y barandillas de vidrio personalizadas para hogares y empresas.","og_url":"https:\/\/vitrallvic.cat\/es\/empresa\/","og_site_name":"Vitrall Vic SL","article_modified_time":"2024-09-03T09:24:25+00:00","og_image":[{"url":"https:\/\/vitrallvic.cat\/wp-content\/uploads\/2023\/07\/empresa-2.jpg"}],"twitter_card":"summary_large_image","twitter_misc":{"Tiempo de lectura":"2 minutos"},"schema":{"@context":"https:\/\/schema.org","@graph":[{"@type":"WebPage","@id":"https:\/\/vitrallvic.cat\/es\/empresa\/","url":"https:\/\/vitrallvic.cat\/es\/empresa\/","name":"Vidrio para arquitectura - Mamparas y barandillas de vidrio","isPartOf":{"@id":"https:\/\/vitrallvic.cat\/#website"},"datePublished":"2020-06-10T09:50:41+00:00","dateModified":"2024-09-03T09:24:25+00:00","description":"Fabricaci\u00f3n y montaje vidrio a medida en Vic y Osona. Instalaci\u00f3n de puertas, paredes y barandillas de vidrio personalizadas para hogares y empresas.","breadcrumb":{"@id":"https:\/\/vitrallvic.cat\/es\/empresa\/#breadcrumb"},"inLanguage":"es","potentialAction":[{"@type":"ReadAction","target":["https:\/\/vitrallvic.cat\/es\/empresa\/"]}]},{"@type":"BreadcrumbList","@id":"https:\/\/vitrallvic.cat\/es\/empresa\/#breadcrumb","itemListElement":[{"@type":"ListItem","position":1,"name":"Portada","item":"https:\/\/vitrallvic.cat\/es\/"},{"@type":"ListItem","position":2,"name":"Empresa"}]},{"@type":"WebSite","@id":"https:\/\/vitrallvic.cat\/#website","url":"https:\/\/vitrallvic.cat\/","name":"Vitrall Vic SL","description":"","potentialAction":[{"@type":"SearchAction","target":{"@type":"EntryPoint","urlTemplate":"https:\/\/vitrallvic.cat\/?s={search_term_string}"},"query-input":"required name=search_term_string"}],"inLanguage":"es"}]}},"_links":{"self":[{"href":"https:\/\/vitrallvic.cat\/es\/wp-json\/wp\/v2\/pages\/11950","targetHints":{"allow":["GET"]}}],"collection":[{"href":"https:\/\/vitrallvic.cat\/es\/wp-json\/wp\/v2\/pages"}],"about":[{"href":"https:\/\/vitrallvic.cat\/es\/wp-json\/wp\/v2\/types\/page"}],"author":[{"embeddable":true,"href":"https:\/\/vitrallvic.cat\/es\/wp-json\/wp\/v2\/users\/2"}],"replies":[{"embeddable":true,"href":"https:\/\/vitrallvic.cat\/es\/wp-json\/wp\/v2\/comments?post=11950"}],"version-history":[{"count":13,"href":"https:\/\/vitrallvic.cat\/es\/wp-json\/wp\/v2\/pages\/11950\/revisions"}],"predecessor-version":[{"id":12297,"href":"https:\/\/vitrallvic.cat\/es\/wp-json\/wp\/v2\/pages\/11950\/revisions\/12297"}],"wp:attachment":[{"href":"https:\/\/vitrallvic.cat\/es\/wp-json\/wp\/v2\/media?parent=11950"}],"curies":[{"name":"wp","href":"https:\/\/api.w.org\/{rel}","templated":true}]}}